{"id":178,"date":"2026-03-07T16:21:12","date_gmt":"2026-03-07T13:21:12","guid":{"rendered":"https:\/\/benga.pro\/?page_id=178"},"modified":"2026-03-07T16:21:12","modified_gmt":"2026-03-07T13:21:12","slug":"mep-danismanlik","status":"publish","type":"page","link":"https:\/\/benga.pro\/index.php\/mep-danismanlik\/","title":{"rendered":"MEP Dan\u0131\u015fmanl\u0131k"},"content":{"rendered":"\n<p>Dan\u0131\u015fmanl\u0131k faaliyetlerimizi uzman dan\u0131\u015fman kadromuz ile s\u00fcrd\u00fcrmekteyiz. Dan\u0131\u015fman kadromuz mekanik ve elektrik tesisat sekt\u00f6r\u00fcnde deneyimli, uzman \u201cproje y\u00f6netici\u201dlerinden olu\u015fmaktad\u0131r. Projelerinizin y\u00f6netimine destek olmak, zay\u0131f oldu\u011funuz alanlar\u0131 g\u00fc\u00e7lendirmek i\u00e7in yan\u0131n\u0131zday\u0131z.<\/p>\n\n\n\n<p>Dan\u0131\u015fmanl\u0131k Alanlar\u0131m\u0131z:<\/p>\n\n\n\n<ul class=\"wp-block-list\">\n<li>Elektrik Tesisat\u0131<\/li>\n\n\n\n<li>Mekanik Tesisat<\/li>\n\n\n\n<li>Bina Otomasyon Sistemi<\/li>\n\n\n\n<li>Disiplinler aras\u0131 koordinasyon<\/li>\n\n\n\n<li>Standartlara, \u015fartnameye uygunluk<\/li>\n\n\n\n<li>Sat\u0131n almalarda teknik uygunluk<\/li>\n\n\n\n<li>Ta\u015feron kontrol\u00fc<\/li>\n\n\n\n<li>Zaman y\u00f6netimi<\/li>\n<\/ul>\n","protected":false},"excerpt":{"rendered":"<p>Dan\u0131\u015fmanl\u0131k faaliyetlerimizi uzman dan\u0131\u015fman kadromuz ile s\u00fcrd\u00fcrmekteyiz. Dan\u0131\u015fman kadromuz mekanik ve elektrik tesisat sekt\u00f6r\u00fcnde deneyimli, uzman \u201cproje y\u00f6netici\u201dlerinden olu\u015fmaktad\u0131r. Projelerinizin y\u00f6netimine destek olmak, zay\u0131f oldu\u011funuz alanlar\u0131 g\u00fc\u00e7lendirmek i\u00e7in yan\u0131n\u0131zday\u0131z. Dan\u0131\u015fmanl\u0131k Alanlar\u0131m\u0131z:<\/p>\n","protected":false},"author":1,"featured_media":0,"parent":0,"menu_order":0,"comment_status":"closed","ping_status":"closed","template":"","meta":{"neve_meta_sidebar":"","neve_meta_container":"","neve_meta_enable_content_width":"","neve_meta_content_width":0,"neve_meta_title_alignment":"","neve_meta_author_avatar":"","neve_post_elements_order":"","neve_meta_disable_header":"","neve_meta_disable_footer":"","neve_meta_disable_title":"","_themeisle_gutenberg_block_has_review":false,"footnotes":""},"class_list":["post-178","page","type-page","status-publish","hentry"],"_links":{"self":[{"href":"https:\/\/benga.pro\/index.php\/wp-json\/wp\/v2\/pages\/178","targetHints":{"allow":["GET"]}}],"collection":[{"href":"https:\/\/benga.pro\/index.php\/wp-json\/wp\/v2\/pages"}],"about":[{"href":"https:\/\/benga.pro\/index.php\/wp-json\/wp\/v2\/types\/page"}],"author":[{"embeddable":true,"href":"https:\/\/benga.pro\/index.php\/wp-json\/wp\/v2\/users\/1"}],"replies":[{"embeddable":true,"href":"https:\/\/benga.pro\/index.php\/wp-json\/wp\/v2\/comments?post=178"}],"version-history":[{"count":1,"href":"https:\/\/benga.pro\/index.php\/wp-json\/wp\/v2\/pages\/178\/revisions"}],"predecessor-version":[{"id":179,"href":"https:\/\/benga.pro\/index.php\/wp-json\/wp\/v2\/pages\/178\/revisions\/179"}],"wp:attachment":[{"href":"https:\/\/benga.pro\/index.php\/wp-json\/wp\/v2\/media?parent=178"}],"curies":[{"name":"wp","href":"https:\/\/api.w.org\/{rel}","templated":true}]}}