{"id":181,"date":"2026-03-07T16:22:52","date_gmt":"2026-03-07T13:22:52","guid":{"rendered":"https:\/\/benga.pro\/?page_id=181"},"modified":"2026-03-07T16:22:52","modified_gmt":"2026-03-07T13:22:52","slug":"me-proje-yonetimi","status":"publish","type":"page","link":"https:\/\/benga.pro\/index.php\/me-proje-yonetimi\/","title":{"rendered":"M&amp;E Proje Y\u00f6netimi"},"content":{"rendered":"\n<p>Proje Y\u00f6netimi ve Dan\u0131\u015fmanl\u0131k hizmetleri b\u00fct\u00fcnle\u015fik projelerde kritik d\u00fczeyde \u00f6neme sahiptir. B\u00fct\u00fcnle\u015fik projeler g\u00fcn\u00fcm\u00fczde bir \u00e7ok disiplinin ancak do\u011fru ve profesyonel proje y\u00f6netimiyle ba\u015far\u0131ya ula\u015ft\u0131r\u0131labilir. Her\u015feyden \u00f6nce s\u0131k\u0131 s\u0131k\u0131ya zamana ba\u011fl\u0131d\u0131r. Do\u011fru bir y\u00f6netimle disiplinler aras\u0131 koordinasyon sa\u011flan\u0131p zaman do\u011fru y\u00f6netilebilir.<\/p>\n\n\n\n<p>Zaman\u0131n do\u011fru y\u00f6netilmesi ise projeye maliyet tasarrufu ve kalite olarak mutlaka geri d\u00f6necektir.<\/p>\n\n\n\n<p>benga.pro olarak bir projenin ilk a\u015famas\u0131ndan son noktas\u0131na kadar yan\u0131n\u0131zday\u0131z. E\u011fer bir yat\u0131r\u0131mda profesyonel proje y\u00f6netimi yard\u0131m\u0131 almadan yola \u00e7\u0131km\u0131\u015fsan\u0131z ve yat\u0131r\u0131m\u0131n\u0131z i\u015f program\u0131n\u0131zdaki kilometreta\u015flar\u0131n\u0131(milestone) ka\u00e7\u0131r\u0131yorsa, bir atalet olu\u015fmu\u015fsa daha fazla vakit ve para kaybetmeden benga.pro ile irtibata ge\u00e7ebilirsiniz. Projeninizin bulundu\u011fu konumun do\u011fru tahlili ve acil eylem plan\u0131 ile benga.pro yan\u0131n\u0131zda olacakt\u0131r.<\/p>\n\n\n\n<p>Tasar\u0131m a\u015famas\u0131ndan i\u015f bitim noktas\u0131na kadar verdi\u011fimiz hizmetler ve yapt\u0131\u011f\u0131m\u0131z faaliyetler \u015fu \u015fekilde listelenebilir.<\/p>\n\n\n\n<p><strong>Proje Y\u00f6netim Bilgi Alanlar\u0131<\/strong><\/p>\n\n\n\n<ul class=\"wp-block-list\">\n<li>Proje Entegrasyon Y\u00f6netimi<\/li>\n\n\n\n<li>Proje Kapsam Y\u00f6netimi<\/li>\n\n\n\n<li>Proje Zaman \u00c7izelgesi Y\u00f6netimi<\/li>\n\n\n\n<li>Proje Maliyet Y\u00f6netimi<\/li>\n\n\n\n<li>Proje Kalite Y\u00f6netimi<\/li>\n\n\n\n<li>Proje Kaynak Y\u00f6netimi<\/li>\n\n\n\n<li>Proje \u0130leti\u015fim Y\u00f6netimi<\/li>\n\n\n\n<li>Proje Risk Y\u00f6netimi<\/li>\n\n\n\n<li>Proje Tedarik Y\u00f6netimi<\/li>\n\n\n\n<li>Proje Payda\u015f Y\u00f6netimi<\/li>\n<\/ul>\n\n\n\n<p><strong>Proje ve Geli\u015ftirme Ya\u015fam D\u00f6ng\u00fcleri<\/strong><\/p>\n\n\n\n<ul class=\"wp-block-list\">\n<li>\u00d6ng\u00f6r\u00fcc\u00fc Ya\u015fam D\u00f6ng\u00fcleri<\/li>\n\n\n\n<li>Tekrara Dayal\u0131 Ya\u015fam D\u00f6ng\u00fcleri<\/li>\n\n\n\n<li>Kademeli Ya\u015fam D\u00f6ng\u00fcs\u00fc<\/li>\n\n\n\n<li>Uyarlanabilir Ya\u015fam D\u00f6ng\u00fcs\u00fc<\/li>\n<\/ul>\n\n\n\n<p><strong>Projelerde Organizasyon Yap\u0131lar\u0131<\/strong><\/p>\n\n\n\n<ul class=\"wp-block-list\">\n<li>Proje Bazl\u0131 Organizasyon<\/li>\n\n\n\n<li>Fonksiyonel Organizasyon<\/li>\n\n\n\n<li>Matris Organizasyonlar<\/li>\n\n\n\n<li>Karma Organizasyon<\/li>\n<\/ul>\n\n\n\n<p><strong>Proje Y\u00f6netim Ofisi<\/strong><\/p>\n\n\n\n<ul class=\"wp-block-list\">\n<li>Proje Ofisinin Rol\u00fc Nedir?<\/li>\n\n\n\n<li>Proje Ofisinin Tipleri Nelerdir?<\/li>\n<\/ul>\n\n\n\n<p><strong>Proje Payda\u015flar\u0131<\/strong><\/p>\n\n\n\n<ul class=\"wp-block-list\">\n<li>M\u00fc\u015fteri<\/li>\n\n\n\n<li>Sponsor<\/li>\n\n\n\n<li>Kaynak Y\u00f6neticisi<\/li>\n\n\n\n<li>Proje Y\u00f6netim Ekibi<\/li>\n\n\n\n<li>Proje Ekibi<\/li>\n<\/ul>\n\n\n\n<p><strong>Proje Y\u00f6neticisi<\/strong><\/p>\n\n\n\n<ul class=\"wp-block-list\">\n<li>PMI\u00ae Yetkinlik \u00dc\u00e7geni<\/li>\n\n\n\n<li>Proje Y\u00f6neticisinin Tan\u0131m\u0131<\/li>\n\n\n\n<li>Politikalar, G\u00fc\u00e7 ve \u0130\u015fleri Yapt\u0131rabilmek<\/li>\n\n\n\n<li>Liderlik Tipleri<\/li>\n\n\n\n<li>Ki\u015filik Tipleri<\/li>\n<\/ul>\n\n\n\n<p><strong>Proje Ba\u015flatma S\u00fcre\u00e7leri<\/strong><\/p>\n\n\n\n<ul class=\"wp-block-list\">\n<li>Projeler Nas\u0131l Ortaya \u00c7\u0131kar?<\/li>\n\n\n\n<li>Proje Se\u00e7im Y\u00f6ntemleri<\/li>\n\n\n\n<li>Proje Ba\u015flatma Belgesi Geli\u015ftirme<\/li>\n\n\n\n<li>Payda\u015f Belirleme<\/li>\n<\/ul>\n\n\n\n<p><strong>Planlama S\u00fcre\u00e7 Grubu<\/strong><\/p>\n\n\n\n<ul class=\"wp-block-list\">\n<li>Planlamaya Genel Bak\u0131\u015f<\/li>\n\n\n\n<li>Kapsam Y\u00f6netiminin Planlanmas\u0131<\/li>\n\n\n\n<li>Gereksinimlerin Toplanmas\u0131<\/li>\n\n\n\n<li>Kapsam\u0131n Tan\u0131mlanmas\u0131<\/li>\n\n\n\n<li>\u0130\u015f K\u0131r\u0131l\u0131m Yap\u0131s\u0131n\u0131n Olu\u015fturulmas\u0131<\/li>\n\n\n\n<li>Zaman \u00c7izelgesi Y\u00f6netiminin Planlanmas\u0131<\/li>\n\n\n\n<li>Aktivitelerin Tan\u0131mlanmas\u0131<\/li>\n\n\n\n<li>Aktivitelerin S\u0131ralanmas\u0131<\/li>\n\n\n\n<li>Aktivite S\u00fcrelerinin Tahmin Edilmesi<\/li>\n\n\n\n<li>S\u00fcre Tahminleme Teknikleri<\/li>\n\n\n\n<li>Zaman \u00c7izelgesinin Geli\u015ftirilmesi<\/li>\n\n\n\n<li>Kritik Yol Analizi<\/li>\n\n\n\n<li>Kaynak Optimizasyon Teknikleri<\/li>\n\n\n\n<li>Maliyet Y\u00f6netiminin Planlanmas\u0131<\/li>\n\n\n\n<li>Maliyetlerin Tahmin Edilmesi<\/li>\n\n\n\n<li>Maliyet Tahminleme Teknikleri<\/li>\n\n\n\n<li>B\u00fct\u00e7enin Belirlenmesi<\/li>\n\n\n\n<li>Kalite Y\u00f6netiminin Planlanmas\u0131<\/li>\n\n\n\n<li>Kaynak Y\u00f6netiminin Planlanmas\u0131<\/li>\n\n\n\n<li>Aktivite Kaynaklar\u0131n\u0131n Tahmin Edilmesi<\/li>\n\n\n\n<li>\u0130leti\u015fim Y\u00f6netiminin Planlanmas\u0131<\/li>\n\n\n\n<li>Risk Y\u00f6netiminin Planlanmas\u0131<\/li>\n\n\n\n<li>Risklerin Tan\u0131mlanmas\u0131<\/li>\n\n\n\n<li>Nitel Risk Analizi Ger\u00e7ekle\u015ftirilmesi<\/li>\n\n\n\n<li>Nicel Risk Analizinin Ger\u00e7ekle\u015ftirilmesi<\/li>\n\n\n\n<li>Risk Yan\u0131tlar\u0131n\u0131n Planlanmas\u0131<\/li>\n\n\n\n<li>Tedarik Y\u00f6netiminin Planlanmas\u0131<\/li>\n\n\n\n<li>S\u00f6zle\u015fme Tipleri<\/li>\n\n\n\n<li>Payda\u015f Kat\u0131l\u0131m\u0131n\u0131n Planlanmas\u0131<\/li>\n\n\n\n<li>Proje Y\u00f6netim Plan\u0131n\u0131n Geli\u015ftirilmesi<\/li>\n<\/ul>\n\n\n\n<p><strong>Y\u00fcr\u00fctme S\u00fcre\u00e7leri<\/strong><\/p>\n\n\n\n<ul class=\"wp-block-list\">\n<li>Kalitenin Y\u00f6netilmesi<\/li>\n\n\n\n<li>Kaynaklar\u0131n Sa\u011flanmas\u0131<\/li>\n\n\n\n<li>Tak\u0131m\u0131n Geli\u015ftirilmesi<\/li>\n\n\n\n<li>Tak\u0131m\u0131n Y\u00f6netilmesi<\/li>\n\n\n\n<li>\u0130leti\u015fimin Y\u00f6netilmesi<\/li>\n\n\n\n<li>Risk Yan\u0131tlar\u0131n\u0131n Uygulanmas\u0131<\/li>\n\n\n\n<li>Tedariklerin Y\u00fcr\u00fct\u00fclmesi<\/li>\n\n\n\n<li>Payda\u015f Kat\u0131l\u0131m\u0131n\u0131n Y\u00f6netilmesi<\/li>\n\n\n\n<li>Proje \u00c7al\u0131\u015fmalar\u0131n\u0131n\u00a0 Y\u00f6nlendirilmesi ve Y\u00f6netilmesi<\/li>\n\n\n\n<li>Proje Bilgi Birikiminin Y\u00f6netilmesi<\/li>\n<\/ul>\n\n\n\n<p><strong>\u0130zleme ve Kontrol S\u00fcre\u00e7 Grubu<\/strong><\/p>\n\n\n\n<ul class=\"wp-block-list\">\n<li>Proje \u00c7al\u0131\u015fmalar\u0131n\u0131n \u0130zlenmesi ve Kontrol\u00fc<\/li>\n\n\n\n<li>Entegre De\u011fi\u015fiklik Kontrol\u00fcn\u00fcn Ger\u00e7ekle\u015ftirilmesi<\/li>\n\n\n\n<li>Kapsam\u0131n Onaylanmas\u0131<\/li>\n\n\n\n<li>Kapsam\u0131n Kontrol\u00fc<\/li>\n\n\n\n<li>Zaman \u00c7izelgesinin Kontrol\u00fc<\/li>\n\n\n\n<li>Maliyetlerin Kontrol\u00fc<\/li>\n\n\n\n<li>Kazan\u0131lm\u0131\u015f De\u011fer Analizi<\/li>\n\n\n\n<li>Performans Raporlama<\/li>\n\n\n\n<li>Kalitenin Kontrol\u00fc<\/li>\n\n\n\n<li>Kaynaklar\u0131n Kontrol\u00fc<\/li>\n\n\n\n<li>\u0130leti\u015fimin \u0130zlenmesi<\/li>\n\n\n\n<li>Risklerin \u0130zlenmesi<\/li>\n\n\n\n<li>Tedariklerin Kontrol\u00fc<\/li>\n\n\n\n<li>Payda\u015f Kat\u0131l\u0131m\u0131n\u0131n \u0130zlenmesi<\/li>\n<\/ul>\n","protected":false},"excerpt":{"rendered":"<p>Proje Y\u00f6netimi ve Dan\u0131\u015fmanl\u0131k hizmetleri b\u00fct\u00fcnle\u015fik projelerde kritik d\u00fczeyde \u00f6neme sahiptir. B\u00fct\u00fcnle\u015fik projeler g\u00fcn\u00fcm\u00fczde bir \u00e7ok disiplinin ancak do\u011fru ve profesyonel proje y\u00f6netimiyle ba\u015far\u0131ya ula\u015ft\u0131r\u0131labilir. Her\u015feyden \u00f6nce s\u0131k\u0131 s\u0131k\u0131ya zamana ba\u011fl\u0131d\u0131r. Do\u011fru bir y\u00f6netimle disiplinler aras\u0131 koordinasyon sa\u011flan\u0131p zaman do\u011fru y\u00f6netilebilir. Zaman\u0131n do\u011fru y\u00f6netilmesi ise projeye maliyet tasarrufu ve kalite olarak mutlaka geri d\u00f6necektir. benga.pro&hellip;&nbsp;<a href=\"https:\/\/benga.pro\/index.php\/me-proje-yonetimi\/\" rel=\"bookmark\"><span class=\"screen-reader-text\">M&amp;E Proje Y\u00f6netimi<\/span><\/a><\/p>\n","protected":false},"author":1,"featured_media":0,"parent":0,"menu_order":0,"comment_status":"closed","ping_status":"closed","template":"","meta":{"neve_meta_sidebar":"","neve_meta_container":"","neve_meta_enable_content_width":"","neve_meta_content_width":0,"neve_meta_title_alignment":"","neve_meta_author_avatar":"","neve_post_elements_order":"","neve_meta_disable_header":"","neve_meta_disable_footer":"","neve_meta_disable_title":"","_themeisle_gutenberg_block_has_review":false,"footnotes":""},"class_list":["post-181","page","type-page","status-publish","hentry"],"_links":{"self":[{"href":"https:\/\/benga.pro\/index.php\/wp-json\/wp\/v2\/pages\/181","targetHints":{"allow":["GET"]}}],"collection":[{"href":"https:\/\/benga.pro\/index.php\/wp-json\/wp\/v2\/pages"}],"about":[{"href":"https:\/\/benga.pro\/index.php\/wp-json\/wp\/v2\/types\/page"}],"author":[{"embeddable":true,"href":"https:\/\/benga.pro\/index.php\/wp-json\/wp\/v2\/users\/1"}],"replies":[{"embeddable":true,"href":"https:\/\/benga.pro\/index.php\/wp-json\/wp\/v2\/comments?post=181"}],"version-history":[{"count":1,"href":"https:\/\/benga.pro\/index.php\/wp-json\/wp\/v2\/pages\/181\/revisions"}],"predecessor-version":[{"id":182,"href":"https:\/\/benga.pro\/index.php\/wp-json\/wp\/v2\/pages\/181\/revisions\/182"}],"wp:attachment":[{"href":"https:\/\/benga.pro\/index.php\/wp-json\/wp\/v2\/media?parent=181"}],"curies":[{"name":"wp","href":"https:\/\/api.w.org\/{rel}","templated":true}]}}