{"id":26,"date":"2026-03-06T15:28:14","date_gmt":"2026-03-06T12:28:14","guid":{"rendered":"https:\/\/benga.pro\/?page_id=26"},"modified":"2026-03-07T15:29:12","modified_gmt":"2026-03-07T12:29:12","slug":"hakkinda","status":"publish","type":"page","link":"https:\/\/benga.pro\/index.php\/hakkinda\/","title":{"rendered":"Hakk\u0131m\u0131zda"},"content":{"rendered":"\n<div class=\"wp-block-cover alignfull\" style=\"min-height:320px;aspect-ratio:unset;\"><span aria-hidden=\"true\" class=\"wp-block-cover__background has-nv-site-bg-background-color has-background-dim-100 has-background-dim\"><\/span><div class=\"wp-block-cover__inner-container is-layout-flow wp-block-cover-is-layout-flow\">\n<div class=\"wp-block-group\" style=\"padding-right:var(--wp--preset--spacing--30);padding-left:var(--wp--preset--spacing--30)\"><div class=\"wp-block-group__inner-container is-layout-flow wp-block-group-is-layout-flow\">\n<h1 class=\"wp-block-heading has-text-align-left has-neve-text-color-color has-text-color\">Hakk\u0131m\u0131zda<\/h1>\n<\/div><\/div>\n<\/div><\/div>\n\n\n\n<div class=\"wp-block-cover alignfull\" style=\"min-height:600px;aspect-ratio:unset;\"><span aria-hidden=\"true\" class=\"wp-block-cover__background has-nv-light-bg-background-color has-background-dim-100 has-background-dim\"><\/span><div class=\"wp-block-cover__inner-container is-layout-flow wp-block-cover-is-layout-flow\">\n<div class=\"wp-block-group\"><div class=\"wp-block-group__inner-container is-layout-flow wp-block-group-is-layout-flow\">\n<div style=\"height:80px\" aria-hidden=\"true\" class=\"wp-block-spacer\"><\/div>\n\n\n\n<div class=\"wp-block-columns are-vertically-aligned-center has-neve-text-color-color has-text-color is-layout-flex wp-container-core-columns-is-layout-9d6595d7 wp-block-columns-is-layout-flex\">\n<div class=\"wp-block-column is-vertically-aligned-center is-layout-flow wp-block-column-is-layout-flow\" style=\"padding-right:var(--wp--preset--spacing--30);padding-left:var(--wp--preset--spacing--30);flex-basis:50%\">\n<figure class=\"wp-block-image size-full has-custom-border\"><img loading=\"lazy\" decoding=\"async\" width=\"900\" height=\"507\" src=\"https:\/\/benga.pro\/wp-content\/uploads\/2026\/03\/toplanti.jpg\" alt=\"\" class=\"wp-image-155\" style=\"border-radius:16px\" srcset=\"https:\/\/benga.pro\/wp-content\/uploads\/2026\/03\/toplanti.jpg 900w, https:\/\/benga.pro\/wp-content\/uploads\/2026\/03\/toplanti-300x169.jpg 300w, https:\/\/benga.pro\/wp-content\/uploads\/2026\/03\/toplanti-768x433.jpg 768w\" sizes=\"auto, (max-width: 900px) 100vw, 900px\" \/><\/figure>\n<\/div>\n\n\n\n<div class=\"wp-block-column is-vertically-aligned-center is-layout-flow wp-block-column-is-layout-flow\" style=\"padding-top:0;padding-right:var(--wp--preset--spacing--30);padding-bottom:0;padding-left:var(--wp--preset--spacing--30);flex-basis:50%\">\n<h2 class=\"wp-block-heading has-neve-text-color-color has-text-color\">Hikayemiz<\/h2>\n\n\n\n<p class=\"has-neve-text-color-color has-text-color\">2019 y\u0131l\u0131nda \u0130stanbul\u2019da kurulan benga.pro, elektrik ve mekanik m\u00fchendislik alanlar\u0131nda uzmanla\u015fm\u0131\u015f bir proje ve taahh\u00fct firmas\u0131d\u0131r.<br>Kurulu\u015fundan bu yana, teknik do\u011fruluk, s\u00fcrd\u00fcr\u00fclebilirlik ve m\u00fc\u015fteri memnuniyetini temel de\u011ferleri olarak benimsemi\u015ftir.<br>Yurt i\u00e7i ve yurt d\u0131\u015f\u0131ndaki projelerde, yat\u0131r\u0131mc\u0131lar\u0131n en y\u00fcksek fayday\u0131 en d\u00fc\u015f\u00fck maliyetle elde etmesini hedefleyen ger\u00e7ek\u00e7i \u00e7\u00f6z\u00fcmler sunar.<br>benga.pro, m\u00fchendislikte fayda-maliyet dengesini g\u00f6zeterek, her a\u015famada \u00f6l\u00e7\u00fclebilir ve verimli sonu\u00e7lar \u00fcretir.<br>Proje y\u00f6netiminde \u015feffafl\u0131k, i\u015f g\u00fcvenli\u011fi ve teknik standartlara tam uyum ilkeleriyle hareket eder.<br>Yat\u0131r\u0131mc\u0131lar, y\u00fckleniciler, tedarik\u00e7iler ve \u00e7al\u0131\u015fanlar aras\u0131nda adil ve dengeli bir i\u015f ortam\u0131 olu\u015fturmay\u0131 ama\u00e7lar.<br>Her projede, eme\u011fi ge\u00e7en herkesin hakk\u0131n\u0131 g\u00f6zeten bir yakla\u015f\u0131m benimser.<br>Son teknolojiyle desteklenen hizmetleriyle sekt\u00f6rde g\u00fcvenilir ve kal\u0131c\u0131 bir marka olma yolunda ilerlemektedir.<br>benga.pro, \u201ckazan-kazan\u201d felsefesiyle t\u00fcm payda\u015flar\u0131n memnuniyetini \u00f6n planda tutar.<br>Bug\u00fcn, m\u00fchendislikte kaliteyi, s\u00fcrd\u00fcr\u00fclebilirli\u011fi ve insan odakl\u0131 yakla\u015f\u0131m\u0131 bir arada sunan bir \u00e7\u00f6z\u00fcm orta\u011f\u0131d\u0131r.<\/p>\n\n\n\n<p class=\"has-neve-text-color-color has-text-color\"><\/p>\n<\/div>\n<\/div>\n\n\n\n<div style=\"height:40px\" aria-hidden=\"true\" class=\"wp-block-spacer\"><\/div>\n<\/div><\/div>\n<\/div><\/div>\n\n\n\n<div class=\"wp-block-cover alignfull\" style=\"min-height:600px;aspect-ratio:unset;\"><span aria-hidden=\"true\" class=\"wp-block-cover__background has-nv-dark-bg-background-color has-background-dim-100 has-background-dim\"><\/span><div class=\"wp-block-cover__inner-container is-layout-flow wp-block-cover-is-layout-flow\">\n<div class=\"wp-block-media-text is-stacked-on-mobile\" style=\"grid-template-columns:51% auto\"><figure class=\"wp-block-media-text__media\"><img loading=\"lazy\" decoding=\"async\" width=\"900\" height=\"530\" src=\"https:\/\/benga.pro\/wp-content\/uploads\/2026\/03\/akradidim.jpg\" alt=\"\" class=\"wp-image-157 size-full\" srcset=\"https:\/\/benga.pro\/wp-content\/uploads\/2026\/03\/akradidim.jpg 900w, https:\/\/benga.pro\/wp-content\/uploads\/2026\/03\/akradidim-300x177.jpg 300w, https:\/\/benga.pro\/wp-content\/uploads\/2026\/03\/akradidim-768x452.jpg 768w\" sizes=\"auto, (max-width: 900px) 100vw, 900px\" \/><\/figure><div class=\"wp-block-media-text__content\">\n<p class=\"has-nv-site-bg-color has-text-color has-link-color wp-elements-7673dc7b975cae9820f80e3ce21dc93a\">2015 y\u0131l\u0131nda aram\u0131zdan ayr\u0131lan tesisat sekt\u00f6r\u00fcn\u00fcn duayenlerinden bir b\u00fcy\u00fc\u011f\u00fcm\u00fcz \u201cEskiden bilmek yeterdi \u015fimdi ise hem bilmek hem de h\u0131zl\u0131 olmak gerekiyor\u201d demi\u015fti. Ger\u00e7ekten ge\u00e7ti\u011fimiz d\u00f6nemlerde bir projenin tamamlanma s\u00fcresi y\u0131llarla ifade edilirdi. Fakat g\u00fcn\u00fcm\u00fczde hem bu s\u00fcreler \u00e7ok k\u0131sald\u0131 hem de kapal\u0131 in\u015faat alanlar \u00e7ok b\u00fcy\u00fcd\u00fc. Eskiden binlerle ifade etti\u011fimiz kapal\u0131 alan miktar\u0131n\u0131 g\u00fcn\u00fcm\u00fczde onbinlerle, y\u00fczbinlerle ifade etmekteyiz. \u00dcstelik bu kadar b\u00fcy\u00fck projelerin her zaman en k\u0131sa s\u00fcrede tamamlan\u0131p hizmete girmesi beklenir oldu. Di\u011fer taraftan teknolojik geli\u015fmelerin getirdi\u011fi ak\u0131ll\u0131 bina, ye\u015fil bina gibi yeni uygulamalar ile yeni standartlar\u0131n olu\u015fmas\u0131, tasar\u0131m a\u015famas\u0131ndan bitim a\u015famas\u0131na kadar kalite aray\u0131\u015f\u0131 ile b\u00fct\u00fcnle\u015fik (integrated) s\u00fcre\u00e7ler \u00e7\u0131tay\u0131 her zaman yukar\u0131 \u00e7ekmeye ba\u015flad\u0131.<\/p>\n<\/div><\/div>\n\n\n\n<p class=\"has-nv-site-bg-color has-text-color has-link-color wp-elements-8fba8ea637ad917dfbca9a0c840afdcc\">Yani hem i\u015f y\u00fck\u00fc artmakta, hem projeler b\u00fcy\u00fcmekte, hem standartlar y\u00fckselmekte hem de bunlar\u0131n en k\u0131sa s\u00fcrede uygulanmas\u0131 istenmektedir. Durum b\u00f6yle olunca \u201cproje y\u00f6netimi\u201d kavram\u0131 \u00f6n plana \u00e7\u0131kmaktad\u0131r. Yukar\u0131da de\u011finilen beklentiler ancak ger\u00e7ek, do\u011fru ve ba\u011f\u0131ms\u0131z bir proje y\u00f6netimi sayesinde ba\u015far\u0131labilir.<\/p>\n\n\n\n<p class=\"has-nv-site-bg-color has-text-color has-link-color wp-elements-cb2c5584ed4b1e387c6428b86303e8f1\">G\u00fcn\u00fcm\u00fczde b\u00fcy\u00fck b\u00fcy\u00fck projeler s\u0131k\u0131\u015f\u0131k terminlerle tamamlanmaya \u00e7al\u0131\u015f\u0131lmakta ama proje y\u00f6netimi yat\u0131r\u0131mc\u0131n\u0131n kendisi taraf\u0131ndan genelde amat\u00f6rce yap\u0131lmaktad\u0131r. Halbuki \u00e7a\u011f\u0131m\u0131zda, bunun profesyonel bir grupla yap\u0131lmas\u0131 en do\u011fru olan\u0131d\u0131r. Bir projede y\u00f6netilmesi ve kontrol edilmesi gereken \u00e7ok say\u0131da aktivite vard\u0131r. T\u00fcm bunlar i\u015fin sonunda yat\u0131r\u0131mc\u0131ya tasarruf olarak d\u00f6necek, hem yat\u0131r\u0131mc\u0131 hem y\u00fckleniciler hem de m\u00fc\u015fteriler memnun olacakt\u0131r.<\/p>\n\n\n\n<p class=\"has-nv-site-bg-color has-text-color has-link-color wp-elements-9c954cf1e7dadfddfc901330419ae905\">benga.pro olarak s\u00fcrecin do\u011fru y\u00f6netiminde her zaman yat\u0131r\u0131mc\u0131n\u0131n yan\u0131nda bulunmakta, projede yer alan herkesin kazanmas\u0131n\u0131 hedeflemekteyiz. \u201cKazan-kazan\u201d felsefesini kendisine \u015fiar edinmi\u015f olan benga.pro, bir projenin ba\u015f\u0131ndan sonuna kadar &nbsp;do\u011fru \u00e7\u00f6z\u00fcmlerle yan\u0131n\u0131zdad\u0131r.<\/p>\n<\/div><\/div>\n\n\n\n<div class=\"wp-block-cover alignfull\" style=\"min-height:420px;aspect-ratio:unset;\"><span aria-hidden=\"true\" class=\"wp-block-cover__background has-nv-site-bg-background-color has-background-dim-100 has-background-dim\"><\/span><div class=\"wp-block-cover__inner-container is-layout-flow wp-block-cover-is-layout-flow\">\n<div style=\"height:80px\" aria-hidden=\"true\" class=\"wp-block-spacer\"><\/div>\n\n\n\n<div class=\"wp-block-columns is-layout-flex wp-container-core-columns-is-layout-9d6595d7 wp-block-columns-is-layout-flex\">\n<div class=\"wp-block-column ticss-4ce656f1 is-layout-flow wp-block-column-is-layout-flow\" style=\"padding-right:var(--wp--preset--spacing--30);padding-left:var(--wp--preset--spacing--30)\">\n<figure class=\"wp-block-image size-full icon-style is-style-default\"><img decoding=\"async\" src=\"https:\/\/benga.pro\/wp-content\/themes\/neve\/assets\/img\/starter-content\/neve-marketing-icon-1.png\" alt=\"\"\/><\/figure>\n\n\n\n<div style=\"height:24px\" aria-hidden=\"true\" class=\"wp-block-spacer\"><\/div>\n\n\n\n<h3 class=\"wp-block-heading has-text-align-left has-text-align-center has-neve-text-color-color has-text-color\">Sonu\u00e7 Odakl\u0131 B\u00fcy\u00fcme<\/h3>\n\n\n\n<p class=\"has-text-align-left has-neve-text-color-color has-text-color\">benga.pro, m\u00fchendislikte sonu\u00e7 odakl\u0131 b\u00fcy\u00fcmeyi benimseyerek her projede \u00f6l\u00e7\u00fclebilir fayda \u00fcretmeyi hedefler. En d\u00fc\u015f\u00fck maliyetle en y\u00fcksek verimi sa\u011flayan \u00e7\u00f6z\u00fcmler sunarak yat\u0131r\u0131mc\u0131lar\u0131n s\u00fcrd\u00fcr\u00fclebilir ba\u015far\u0131ya ula\u015fmas\u0131na katk\u0131 sa\u011flar.<\/p>\n\n\n\n<div style=\"height:20px\" aria-hidden=\"true\" class=\"wp-block-spacer\"><\/div>\n<\/div>\n\n\n\n<div class=\"wp-block-column ticss-f6fc7494 is-layout-flow wp-block-column-is-layout-flow\" style=\"padding-right:var(--wp--preset--spacing--30);padding-left:var(--wp--preset--spacing--30)\">\n<figure class=\"wp-block-image size-full icon-style is-style-default\"><img decoding=\"async\" src=\"https:\/\/benga.pro\/wp-content\/themes\/neve\/assets\/img\/starter-content\/neve-marketing-icon-2.png\" alt=\"\"\/><\/figure>\n\n\n\n<div style=\"height:24px\" aria-hidden=\"true\" class=\"wp-block-spacer\"><\/div>\n\n\n\n<h3 class=\"wp-block-heading has-text-align-left has-text-align-center has-neve-text-color-color has-text-color\">M\u00fc\u015fteri \u0130\u015fbirli\u011fi<\/h3>\n\n\n\n<p class=\"has-text-align-left has-neve-text-color-color has-text-color\">benga.pro, m\u00fc\u015fteri i\u015f birli\u011fini projenin en kritik ba\u015far\u0131 unsurlar\u0131ndan biri olarak g\u00f6r\u00fcr ve t\u00fcm s\u00fcre\u00e7leri yat\u0131r\u0131mc\u0131yla \u015feffaf, s\u00fcrekli ve \u00e7\u00f6z\u00fcm odakl\u0131 ileti\u015fim i\u00e7inde y\u00fcr\u00fct\u00fcr. Do\u011fru bilgi ak\u0131\u015f\u0131 ve ortak karar alma k\u00fclt\u00fcr\u00fc sayesinde projeler hem daha h\u0131zl\u0131 hem de daha verimli \u015fekilde sonu\u00e7lan\u0131r.<\/p>\n\n\n\n<div style=\"height:20px\" aria-hidden=\"true\" class=\"wp-block-spacer\"><\/div>\n<\/div>\n\n\n\n<div class=\"wp-block-column ticss-a5b4df29 is-layout-flow wp-block-column-is-layout-flow\" style=\"padding-right:var(--wp--preset--spacing--30);padding-left:var(--wp--preset--spacing--30)\">\n<figure class=\"wp-block-image size-full icon-style is-style-default\"><img decoding=\"async\" src=\"https:\/\/benga.pro\/wp-content\/themes\/neve\/assets\/img\/starter-content\/neve-marketing-icon-3.1.png\" alt=\"\"\/><\/figure>\n\n\n\n<div style=\"height:24px\" aria-hidden=\"true\" class=\"wp-block-spacer\"><\/div>\n\n\n\n<h3 class=\"wp-block-heading has-text-align-left has-text-align-center has-neve-text-color-color has-text-color\">Veri Odakl\u0131 Yarat\u0131c\u0131l\u0131k<\/h3>\n\n\n\n<p class=\"has-text-align-left has-neve-text-color-color has-text-color\">benga.pro, veri odakl\u0131 yarat\u0131c\u0131l\u0131k yakla\u015f\u0131m\u0131yla teknik analizleri yarat\u0131c\u0131 m\u00fchendislik \u00e7\u00f6z\u00fcmleriyle birle\u015ftirir ve her projede \u00f6l\u00e7\u00fclebilir, ak\u0131lc\u0131 ve yenilik\u00e7i sonu\u00e7lar \u00fcretir. Karar alma s\u00fcre\u00e7lerinde veriyi merkeze alarak hem tasar\u0131m hem uygulama a\u015famalar\u0131nda daha do\u011fru, h\u0131zl\u0131 ve s\u00fcrd\u00fcr\u00fclebilir \u00e7\u00f6z\u00fcmler geli\u015ftirir.<\/p>\n\n\n\n<div style=\"height:20px\" aria-hidden=\"true\" class=\"wp-block-spacer\"><\/div>\n<\/div>\n<\/div>\n\n\n\n<div style=\"height:30px\" aria-hidden=\"true\" class=\"wp-block-spacer\"><\/div>\n<\/div><\/div>\n","protected":false},"excerpt":{"rendered":"","protected":false},"author":1,"featured_media":0,"parent":0,"menu_order":0,"comment_status":"closed","ping_status":"closed","template":"","meta":{"neve_meta_sidebar":"","neve_meta_container":"","neve_meta_enable_content_width":"on","neve_meta_content_width":100,"neve_meta_title_alignment":"","neve_meta_author_avatar":"","neve_post_elements_order":"","neve_meta_disable_header":"","neve_meta_disable_footer":"","neve_meta_disable_title":"on","_themeisle_gutenberg_block_has_review":false,"footnotes":""},"class_list":["post-26","page","type-page","status-publish","hentry"],"_links":{"self":[{"href":"https:\/\/benga.pro\/index.php\/wp-json\/wp\/v2\/pages\/26","targetHints":{"allow":["GET"]}}],"collection":[{"href":"https:\/\/benga.pro\/index.php\/wp-json\/wp\/v2\/pages"}],"about":[{"href":"https:\/\/benga.pro\/index.php\/wp-json\/wp\/v2\/types\/page"}],"author":[{"embeddable":true,"href":"https:\/\/benga.pro\/index.php\/wp-json\/wp\/v2\/users\/1"}],"replies":[{"embeddable":true,"href":"https:\/\/benga.pro\/index.php\/wp-json\/wp\/v2\/comments?post=26"}],"version-history":[{"count":10,"href":"https:\/\/benga.pro\/index.php\/wp-json\/wp\/v2\/pages\/26\/revisions"}],"predecessor-version":[{"id":162,"href":"https:\/\/benga.pro\/index.php\/wp-json\/wp\/v2\/pages\/26\/revisions\/162"}],"wp:attachment":[{"href":"https:\/\/benga.pro\/index.php\/wp-json\/wp\/v2\/media?parent=26"}],"curies":[{"name":"wp","href":"https:\/\/api.w.org\/{rel}","templated":true}]}}