{"id":28,"date":"2026-03-06T15:28:14","date_gmt":"2026-03-06T12:28:14","guid":{"rendered":"https:\/\/benga.pro\/?page_id=28"},"modified":"2026-03-07T16:43:47","modified_gmt":"2026-03-07T13:43:47","slug":"portfoy","status":"publish","type":"page","link":"https:\/\/benga.pro\/index.php\/portfoy\/","title":{"rendered":"Hizmetlerimiz"},"content":{"rendered":"\n<div class=\"wp-block-cover alignfull\" style=\"min-height:300px;aspect-ratio:unset;\"><span aria-hidden=\"true\" class=\"wp-block-cover__background has-nv-site-bg-background-color has-background-dim-100 has-background-dim\"><\/span><div class=\"wp-block-cover__inner-container is-layout-flow wp-block-cover-is-layout-flow\">\n<div class=\"wp-block-group\" style=\"padding-right:var(--wp--preset--spacing--30);padding-left:var(--wp--preset--spacing--30)\"><div class=\"wp-block-group__inner-container is-layout-flow wp-block-group-is-layout-flow\">\n<h1 class=\"wp-block-heading has-text-align-left has-neve-text-color-color has-text-color\">Hizmetlerimiz<\/h1>\n<\/div><\/div>\n<\/div><\/div>\n\n\n\n<div class=\"wp-block-cover alignfull\" style=\"min-height:600px;aspect-ratio:unset;\"><span aria-hidden=\"true\" class=\"wp-block-cover__background has-nv-light-bg-background-color has-background-dim-100 has-background-dim\"><\/span><div class=\"wp-block-cover__inner-container is-layout-flow wp-block-cover-is-layout-flow\">\n<div class=\"wp-block-group\"><div class=\"wp-block-group__inner-container is-layout-flow wp-block-group-is-layout-flow\">\n<div style=\"height:80px\" aria-hidden=\"true\" class=\"wp-block-spacer\"><\/div>\n\n\n\n<div class=\"wp-block-columns are-vertically-aligned-center is-layout-flex wp-container-core-columns-is-layout-9d6595d7 wp-block-columns-is-layout-flex\">\n<div class=\"wp-block-column is-vertically-aligned-center is-layout-flow wp-block-column-is-layout-flow\" style=\"padding-right:var(--wp--preset--spacing--30);padding-left:var(--wp--preset--spacing--30);flex-basis:50%\"><div class=\"wp-block-image\">\n<figure class=\"aligncenter size-full is-resized has-custom-border\"><img loading=\"lazy\" decoding=\"async\" width=\"540\" height=\"482\" src=\"https:\/\/benga.pro\/wp-content\/uploads\/2026\/03\/H1elkproje.jpg\" alt=\"\" class=\"wp-image-190\" style=\"border-radius:24px;aspect-ratio:1.1203427914511157;width:249px;height:auto\" srcset=\"https:\/\/benga.pro\/wp-content\/uploads\/2026\/03\/H1elkproje.jpg 540w, https:\/\/benga.pro\/wp-content\/uploads\/2026\/03\/H1elkproje-300x268.jpg 300w\" sizes=\"auto, (max-width: 540px) 100vw, 540px\" \/><\/figure>\n<\/div>\n\n\n<h3 class=\"wp-block-heading has-text-align-left has-neve-text-color-color has-text-color\">Elektrik Tesisat Projesi<\/h3>\n\n\n\n<p class=\"has-text-align-left has-neve-text-color-color has-text-color\">Y\u00fcr\u00fcrl\u00fckte bulunan standartlara uygunlu\u011fa \u00f6d\u00fcn vermeden, muhtelif tesislere ait kuvvetli ve\/veya zay\u0131f ak\u0131m projelerini \u00e7izmekteyiz.<\/p>\n\n\n\n<div class=\"wp-block-buttons has-custom-font-size has-small-font-size is-content-justification-left is-layout-flex wp-container-core-buttons-is-layout-fdcfc74e wp-block-buttons-is-layout-flex\">\n<div class=\"wp-block-button\"><a class=\"wp-block-button__link wp-element-button\" href=\"https:\/\/benga.pro\/index.php\/elektrik-tesisat-projesi\/\">Detaylar&#8230;<\/a><\/div>\n<\/div>\n\n\n\n<div style=\"height:40px\" aria-hidden=\"true\" class=\"wp-block-spacer\"><\/div>\n<\/div>\n\n\n\n<div class=\"wp-block-column is-vertically-aligned-center is-layout-flow wp-block-column-is-layout-flow\" style=\"padding-right:var(--wp--preset--spacing--30);padding-left:var(--wp--preset--spacing--30);flex-basis:50%\"><div class=\"wp-block-image\">\n<figure class=\"aligncenter size-full has-custom-border\"><img loading=\"lazy\" decoding=\"async\" width=\"768\" height=\"456\" src=\"https:\/\/benga.pro\/wp-content\/uploads\/2026\/03\/H1mekproje.jpg\" alt=\"\" class=\"wp-image-192\" style=\"border-radius:24px\" srcset=\"https:\/\/benga.pro\/wp-content\/uploads\/2026\/03\/H1mekproje.jpg 768w, https:\/\/benga.pro\/wp-content\/uploads\/2026\/03\/H1mekproje-300x178.jpg 300w\" sizes=\"auto, (max-width: 768px) 100vw, 768px\" \/><\/figure>\n<\/div>\n\n\n<h3 class=\"wp-block-heading has-text-align-left has-neve-text-color-color has-text-color\">Mekanik Tesisat Projesi<\/h3>\n\n\n\n<p class=\"has-text-align-left has-neve-text-color-color has-text-color\">Y\u00fcr\u00fcrl\u00fckte bulunan standartlara uygunlu\u011fa \u00f6d\u00fcn vermeden, muhtelif tesislere ait t\u00fcm mekanik tesisat projelerini \u00e7izmekteyiz.<\/p>\n\n\n\n<div class=\"wp-block-buttons has-custom-font-size has-small-font-size is-content-justification-left is-layout-flex wp-container-core-buttons-is-layout-fdcfc74e wp-block-buttons-is-layout-flex\">\n<div class=\"wp-block-button\"><a class=\"wp-block-button__link wp-element-button\" href=\"https:\/\/benga.pro\/index.php\/mekanik-tesisat-projesi\/\">Detaylar&#8230;<\/a><\/div>\n<\/div>\n\n\n\n<div style=\"height:40px\" aria-hidden=\"true\" class=\"wp-block-spacer\"><\/div>\n<\/div>\n\n\n\n<div class=\"wp-block-column is-vertically-aligned-center is-layout-flow wp-block-column-is-layout-flow\" style=\"padding-right:var(--wp--preset--spacing--30);padding-left:var(--wp--preset--spacing--30);flex-basis:50%\"><div class=\"wp-block-image\">\n<figure class=\"aligncenter size-full is-resized has-custom-border\"><img loading=\"lazy\" decoding=\"async\" width=\"629\" height=\"465\" src=\"https:\/\/benga.pro\/wp-content\/uploads\/2026\/03\/H3mep.jpg\" alt=\"\" class=\"wp-image-193\" style=\"border-radius:24px;aspect-ratio:1.3526917641012464;width:279px;height:auto\" srcset=\"https:\/\/benga.pro\/wp-content\/uploads\/2026\/03\/H3mep.jpg 629w, https:\/\/benga.pro\/wp-content\/uploads\/2026\/03\/H3mep-300x222.jpg 300w\" sizes=\"auto, (max-width: 629px) 100vw, 629px\" \/><\/figure>\n<\/div>\n\n\n<h3 class=\"wp-block-heading has-text-align-left has-neve-text-color-color has-text-color\">MEP Dan\u0131\u015fmanl\u0131k<\/h3>\n\n\n\n<p class=\"has-text-align-left has-neve-text-color-color has-text-color\">Dan\u0131\u015fmanl\u0131k faaliyetlerimizi uzman dan\u0131\u015fman kadromuz ile s\u00fcrd\u00fcrmekteyiz. Dan\u0131\u015fman kadromuz mekanik ve elektrik tesisat sekt\u00f6r\u00fcnde deneyimli, uzman \u201cproje y\u00f6netici\u201dlerinden olu\u015fmaktad\u0131r<\/p>\n\n\n\n<div class=\"wp-block-buttons has-custom-font-size has-small-font-size is-content-justification-left is-layout-flex wp-container-core-buttons-is-layout-fdcfc74e wp-block-buttons-is-layout-flex\">\n<div class=\"wp-block-button\"><a class=\"wp-block-button__link wp-element-button\" href=\"https:\/\/benga.pro\/index.php\/mep-danismanlik\/\">Detaylar&#8230;<\/a><\/div>\n<\/div>\n\n\n\n<div style=\"height:40px\" aria-hidden=\"true\" class=\"wp-block-spacer\"><\/div>\n<\/div>\n<\/div>\n\n\n\n<div class=\"wp-block-columns are-vertically-aligned-center is-layout-flex wp-container-core-columns-is-layout-9d6595d7 wp-block-columns-is-layout-flex\">\n<div class=\"wp-block-column is-vertically-aligned-center is-layout-flow wp-block-column-is-layout-flow\" style=\"padding-right:var(--wp--preset--spacing--30);padding-left:var(--wp--preset--spacing--30);flex-basis:50%\">\n<figure class=\"wp-block-image size-full is-resized has-custom-border\"><img loading=\"lazy\" decoding=\"async\" width=\"580\" height=\"352\" src=\"https:\/\/benga.pro\/wp-content\/uploads\/2026\/03\/H4mep.jpg\" alt=\"\" class=\"wp-image-194\" style=\"border-radius:24px;width:335px;height:auto\" srcset=\"https:\/\/benga.pro\/wp-content\/uploads\/2026\/03\/H4mep.jpg 580w, https:\/\/benga.pro\/wp-content\/uploads\/2026\/03\/H4mep-300x182.jpg 300w\" sizes=\"auto, (max-width: 580px) 100vw, 580px\" \/><\/figure>\n\n\n\n<h3 class=\"wp-block-heading has-text-align-left has-neve-text-color-color has-text-color\">M&amp;E Proje Y\u00f6netimi<\/h3>\n\n\n\n<p class=\"has-text-align-left has-neve-text-color-color has-text-color\">Proje Y\u00f6netimi ve Dan\u0131\u015fmanl\u0131k hizmetleri b\u00fct\u00fcnle\u015fik projelerde kritik d\u00fczeyde \u00f6neme sahiptir. B\u00fct\u00fcnle\u015fik projeler g\u00fcn\u00fcm\u00fczde bir \u00e7ok disiplinin ancak do\u011fru ve profesyonel proje y\u00f6netimiyle ba\u015far\u0131ya ula\u015ft\u0131r\u0131labilir.<\/p>\n\n\n\n<div class=\"wp-block-buttons has-custom-font-size has-small-font-size is-content-justification-left is-layout-flex wp-container-core-buttons-is-layout-fdcfc74e wp-block-buttons-is-layout-flex\">\n<div class=\"wp-block-button\"><a class=\"wp-block-button__link wp-element-button\" href=\"https:\/\/benga.pro\/index.php\/me-proje-yonetimi\/\">Detaylar&#8230;<\/a><\/div>\n<\/div>\n\n\n\n<div style=\"height:40px\" aria-hidden=\"true\" class=\"wp-block-spacer\"><\/div>\n<\/div>\n\n\n\n<div class=\"wp-block-column is-vertically-aligned-center is-layout-flow wp-block-column-is-layout-flow\" style=\"padding-right:var(--wp--preset--spacing--30);padding-left:var(--wp--preset--spacing--30);flex-basis:50%\"><div class=\"wp-block-image\">\n<figure class=\"aligncenter size-full is-resized has-custom-border\"><img loading=\"lazy\" decoding=\"async\" width=\"519\" height=\"367\" src=\"https:\/\/benga.pro\/wp-content\/uploads\/2026\/03\/H5mep.jpg\" alt=\"\" class=\"wp-image-195\" style=\"border-radius:24px;width:326px;height:auto\" srcset=\"https:\/\/benga.pro\/wp-content\/uploads\/2026\/03\/H5mep.jpg 519w, https:\/\/benga.pro\/wp-content\/uploads\/2026\/03\/H5mep-300x212.jpg 300w\" sizes=\"auto, (max-width: 519px) 100vw, 519px\" \/><\/figure>\n<\/div>\n\n\n<h3 class=\"wp-block-heading has-text-align-left has-neve-text-color-color has-text-color\">Commissioning \u0130\u015fleri<\/h3>\n\n\n\n<p class=\"has-text-align-left has-neve-text-color-color has-text-color\">Proje a\u015famas\u0131ndan teslim a\u015famas\u0131na kadar t\u00fcm commissioning hizmetlerini yerine getiriyoruz.<\/p>\n\n\n\n<div class=\"wp-block-buttons has-custom-font-size has-small-font-size is-content-justification-left is-layout-flex wp-container-core-buttons-is-layout-fdcfc74e wp-block-buttons-is-layout-flex\">\n<div class=\"wp-block-button\"><a class=\"wp-block-button__link wp-element-button\" href=\"https:\/\/benga.pro\/index.php\/commissioning-isleri\/\">Detaylar&#8230;<\/a><\/div>\n<\/div>\n\n\n\n<div style=\"height:40px\" aria-hidden=\"true\" class=\"wp-block-spacer\"><\/div>\n<\/div>\n\n\n\n<div class=\"wp-block-column is-vertically-aligned-center is-layout-flow wp-block-column-is-layout-flow\" style=\"padding-right:var(--wp--preset--spacing--30);padding-left:var(--wp--preset--spacing--30);flex-basis:50%\">\n<figure class=\"wp-block-image size-full is-resized has-custom-border\"><img loading=\"lazy\" decoding=\"async\" width=\"557\" height=\"427\" src=\"https:\/\/benga.pro\/wp-content\/uploads\/2026\/03\/H6mep.jpg\" alt=\"\" class=\"wp-image-196\" style=\"border-radius:24px;width:329px;height:auto\" srcset=\"https:\/\/benga.pro\/wp-content\/uploads\/2026\/03\/H6mep.jpg 557w, https:\/\/benga.pro\/wp-content\/uploads\/2026\/03\/H6mep-300x230.jpg 300w\" sizes=\"auto, (max-width: 557px) 100vw, 557px\" \/><\/figure>\n\n\n\n<h3 class=\"wp-block-heading has-text-align-left has-neve-text-color-color has-text-color\">M&amp;E M\u00fchendislik Yaz\u0131l\u0131mlar\u0131<\/h3>\n\n\n\n<p class=\"has-text-align-left has-neve-text-color-color has-text-color\">M\u00fchendislik alan\u0131nda kendini tekrar eden hesaplamalar\u0131 kolayla\u015ft\u0131ran yaz\u0131l\u0131mlar \u00fcretiyoruz.<\/p>\n\n\n\n<div class=\"wp-block-buttons has-custom-font-size has-small-font-size is-content-justification-left is-layout-flex wp-container-core-buttons-is-layout-fdcfc74e wp-block-buttons-is-layout-flex\">\n<div class=\"wp-block-button\"><a class=\"wp-block-button__link wp-element-button\" href=\"https:\/\/benga.pro\/index.php\/muhendislik-yazilimlari\/\">Detaylar&#8230;<\/a><\/div>\n<\/div>\n\n\n\n<div style=\"height:40px\" aria-hidden=\"true\" class=\"wp-block-spacer\"><\/div>\n<\/div>\n<\/div>\n\n\n\n<div style=\"height:40px\" aria-hidden=\"true\" class=\"wp-block-spacer\"><\/div>\n<\/div><\/div>\n<\/div><\/div>\n","protected":false},"excerpt":{"rendered":"","protected":false},"author":1,"featured_media":0,"parent":0,"menu_order":0,"comment_status":"closed","ping_status":"closed","template":"","meta":{"neve_meta_sidebar":"","neve_meta_container":"","neve_meta_enable_content_width":"on","neve_meta_content_width":100,"neve_meta_title_alignment":"","neve_meta_author_avatar":"","neve_post_elements_order":"","neve_meta_disable_header":"","neve_meta_disable_footer":"","neve_meta_disable_title":"on","_themeisle_gutenberg_block_has_review":false,"footnotes":""},"class_list":["post-28","page","type-page","status-publish","hentry"],"_links":{"self":[{"href":"https:\/\/benga.pro\/index.php\/wp-json\/wp\/v2\/pages\/28","targetHints":{"allow":["GET"]}}],"collection":[{"href":"https:\/\/benga.pro\/index.php\/wp-json\/wp\/v2\/pages"}],"about":[{"href":"https:\/\/benga.pro\/index.php\/wp-json\/wp\/v2\/types\/page"}],"author":[{"embeddable":true,"href":"https:\/\/benga.pro\/index.php\/wp-json\/wp\/v2\/users\/1"}],"replies":[{"embeddable":true,"href":"https:\/\/benga.pro\/index.php\/wp-json\/wp\/v2\/comments?post=28"}],"version-history":[{"count":13,"href":"https:\/\/benga.pro\/index.php\/wp-json\/wp\/v2\/pages\/28\/revisions"}],"predecessor-version":[{"id":198,"href":"https:\/\/benga.pro\/index.php\/wp-json\/wp\/v2\/pages\/28\/revisions\/198"}],"wp:attachment":[{"href":"https:\/\/benga.pro\/index.php\/wp-json\/wp\/v2\/media?parent=28"}],"curies":[{"name":"wp","href":"https:\/\/api.w.org\/{rel}","templated":true}]}}