{"id":29,"date":"2026-03-06T15:28:14","date_gmt":"2026-03-06T12:28:14","guid":{"rendered":"https:\/\/benga.pro\/?page_id=29"},"modified":"2026-03-07T17:14:37","modified_gmt":"2026-03-07T14:14:37","slug":"proje-ayrintilari","status":"publish","type":"page","link":"https:\/\/benga.pro\/index.php\/proje-ayrintilari\/","title":{"rendered":"Referanslar\u0131m\u0131z"},"content":{"rendered":"\n<div class=\"wp-block-cover alignfull\" style=\"min-height:600px;aspect-ratio:unset;\"><span aria-hidden=\"true\" class=\"wp-block-cover__background has-nv-light-bg-background-color has-background-dim-100 has-background-dim\"><\/span><div class=\"wp-block-cover__inner-container is-layout-flow wp-block-cover-is-layout-flow\">\n<div class=\"wp-block-media-text is-stacked-on-mobile is-vertically-aligned-center\"><figure class=\"wp-block-media-text__media\"><img loading=\"lazy\" decoding=\"async\" width=\"900\" height=\"530\" src=\"https:\/\/benga.pro\/wp-content\/uploads\/2026\/03\/akradidim-2.jpg\" alt=\"\" class=\"wp-image-236 size-full\" srcset=\"https:\/\/benga.pro\/wp-content\/uploads\/2026\/03\/akradidim-2.jpg 900w, https:\/\/benga.pro\/wp-content\/uploads\/2026\/03\/akradidim-2-300x177.jpg 300w, https:\/\/benga.pro\/wp-content\/uploads\/2026\/03\/akradidim-2-768x452.jpg 768w\" sizes=\"auto, (max-width: 900px) 100vw, 900px\" \/><\/figure><div class=\"wp-block-media-text__content\">\n<p class=\"has-nv-dark-bg-color has-text-color has-link-color wp-elements-b5e4b399e2ef6cf462eb6ae5485e1068\"><strong>Akra Didim Otel<\/strong><\/p>\n\n\n\n<p class=\"has-nv-dark-bg-color has-text-color has-link-color wp-elements-65d3e13051fbe36cb8acb7fce40429a1\">Ayd\u0131n Didim&#8217;deki Akra Didim Oteli Villalar\u0131n\u0131n otomatik kontrol i\u015fleri ve panolar\u0131 yap\u0131lm\u0131\u015ft\u0131r.<\/p>\n<\/div><\/div>\n<\/div><\/div>\n\n\n\n<div class=\"wp-block-cover alignfull\" style=\"min-height:600px;aspect-ratio:unset;\"><span aria-hidden=\"true\" class=\"wp-block-cover__background has-nv-light-bg-background-color has-background-dim-100 has-background-dim\"><\/span><div class=\"wp-block-cover__inner-container is-layout-flow wp-block-cover-is-layout-flow\">\n<div class=\"wp-block-media-text has-media-on-the-right is-stacked-on-mobile is-vertically-aligned-center\"><div class=\"wp-block-media-text__content\">\n<p class=\"has-nv-dark-bg-color has-text-color has-link-color wp-elements-95b7ed9317fc24e2a7211ab28d5bd3f2\"><strong>EQUINIX DATA CENTER TES\u0130S\u0130<\/strong><\/p>\n\n\n\n<p class=\"has-nv-dark-bg-color has-text-color has-link-color wp-elements-678eef9296f9075fe9c5af0e7d3b40b0\">\u0130stanbul Dudullu&#8217;da bulunan Equinix Data Center Tesisi&#8217;nin Commissioning i\u015fleri yap\u0131lm\u0131\u015ft\u0131r.<\/p>\n<\/div><figure class=\"wp-block-media-text__media\"><img loading=\"lazy\" decoding=\"async\" width=\"579\" height=\"389\" src=\"https:\/\/benga.pro\/wp-content\/uploads\/2026\/03\/ref10.jpg\" alt=\"\" class=\"wp-image-233 size-full\" srcset=\"https:\/\/benga.pro\/wp-content\/uploads\/2026\/03\/ref10.jpg 579w, https:\/\/benga.pro\/wp-content\/uploads\/2026\/03\/ref10-300x202.jpg 300w\" sizes=\"auto, (max-width: 579px) 100vw, 579px\" \/><\/figure><\/div>\n<\/div><\/div>\n\n\n\n<div class=\"wp-block-cover alignfull\" style=\"min-height:600px;aspect-ratio:unset;\"><span aria-hidden=\"true\" class=\"wp-block-cover__background has-nv-light-bg-background-color has-background-dim-100 has-background-dim\"><\/span><div class=\"wp-block-cover__inner-container is-layout-flow wp-block-cover-is-layout-flow\">\n<div class=\"wp-block-media-text is-stacked-on-mobile is-vertically-aligned-center\"><figure class=\"wp-block-media-text__media\"><img loading=\"lazy\" decoding=\"async\" width=\"622\" height=\"365\" src=\"https:\/\/benga.pro\/wp-content\/uploads\/2026\/03\/ref9.jpg\" alt=\"\" class=\"wp-image-231 size-full\" srcset=\"https:\/\/benga.pro\/wp-content\/uploads\/2026\/03\/ref9.jpg 622w, https:\/\/benga.pro\/wp-content\/uploads\/2026\/03\/ref9-300x176.jpg 300w\" sizes=\"auto, (max-width: 622px) 100vw, 622px\" \/><\/figure><div class=\"wp-block-media-text__content\">\n<p class=\"has-nv-dark-bg-color has-text-color has-link-color wp-elements-292ad96ceb4767d1bf7ad8b8c8565342\"><strong>B\u00fcy\u00fck Anadolu Hastanesi<\/strong><\/p>\n\n\n\n<p class=\"has-nv-dark-bg-color has-text-color has-link-color wp-elements-7f3eee13e303e749448f3dd1ca3923b6\">Kocaeli Dar\u0131ca&#8217;da yer alan B\u00fcy\u00fck Anadolu Hastanesi elektrik ve mekanik i\u015fleri dan\u0131\u015fmanl\u0131\u011f\u0131 yap\u0131lm\u0131\u015ft\u0131r.<\/p>\n<\/div><\/div>\n<\/div><\/div>\n\n\n\n<div class=\"wp-block-cover alignfull\" style=\"min-height:600px;aspect-ratio:unset;\"><span aria-hidden=\"true\" class=\"wp-block-cover__background has-nv-light-bg-background-color has-background-dim-100 has-background-dim\"><\/span><div class=\"wp-block-cover__inner-container is-layout-flow wp-block-cover-is-layout-flow\">\n<div class=\"wp-block-media-text has-media-on-the-right is-stacked-on-mobile is-vertically-aligned-center\"><div class=\"wp-block-media-text__content\">\n<p class=\"has-nv-dark-bg-color has-text-color has-link-color wp-elements-62f7138454d371ac15672b0bfeb4a19e\"><strong>B\u0130L\u0130M \u0130LA\u00c7 GOSB TES\u0130S\u0130<\/strong><\/p>\n\n\n\n<p class=\"has-nv-dark-bg-color has-text-color has-link-color wp-elements-ddf48500803f2df9edfc9246d3ffb8cf\">Bilim \u0130la\u00e7 GOSB Tesisi i\u00e7indeki ilave \u00fcretim tesisi mekanik tesisat i\u015fleri yap\u0131lm\u0131\u015ft\u0131r.<\/p>\n<\/div><figure class=\"wp-block-media-text__media\"><img loading=\"lazy\" decoding=\"async\" width=\"577\" height=\"365\" src=\"https:\/\/benga.pro\/wp-content\/uploads\/2026\/03\/ref8.jpg\" alt=\"\" class=\"wp-image-228 size-full\" srcset=\"https:\/\/benga.pro\/wp-content\/uploads\/2026\/03\/ref8.jpg 577w, https:\/\/benga.pro\/wp-content\/uploads\/2026\/03\/ref8-300x190.jpg 300w\" sizes=\"auto, (max-width: 577px) 100vw, 577px\" \/><\/figure><\/div>\n<\/div><\/div>\n\n\n\n<div class=\"wp-block-cover alignfull\" style=\"min-height:600px;aspect-ratio:unset;\"><span aria-hidden=\"true\" class=\"wp-block-cover__background has-nv-light-bg-background-color has-background-dim-100 has-background-dim\"><\/span><div class=\"wp-block-cover__inner-container is-layout-flow wp-block-cover-is-layout-flow\">\n<div class=\"wp-block-media-text is-stacked-on-mobile is-vertically-aligned-center\"><figure class=\"wp-block-media-text__media\"><img loading=\"lazy\" decoding=\"async\" width=\"600\" height=\"449\" src=\"https:\/\/benga.pro\/wp-content\/uploads\/2026\/03\/ref7.jpg\" alt=\"\" class=\"wp-image-225 size-full\" srcset=\"https:\/\/benga.pro\/wp-content\/uploads\/2026\/03\/ref7.jpg 600w, https:\/\/benga.pro\/wp-content\/uploads\/2026\/03\/ref7-300x225.jpg 300w\" sizes=\"auto, (max-width: 600px) 100vw, 600px\" \/><\/figure><div class=\"wp-block-media-text__content\">\n<p class=\"has-nv-dark-bg-color has-text-color has-link-color wp-elements-bbed4fa5aeb0c101f8dfd5cf4279dd83\"><strong>Varroc Lighting Fabrikas\u0131<\/strong><\/p>\n\n\n\n<p class=\"has-nv-dark-bg-color has-text-color has-link-color wp-elements-f956db552c8c497662784ce3b4be9925\">Kocaeli Dilovas\u0131 Makine \u0130htisas OSB i\u00e7inde bulunan Varroc Lighting araba far\u0131 fabrikas\u0131n\u0131n mekanik tesisat i\u015fleri yap\u0131lm\u0131\u015ft\u0131r.<\/p>\n<\/div><\/div>\n<\/div><\/div>\n\n\n\n<div class=\"wp-block-cover alignfull\" style=\"min-height:600px;aspect-ratio:unset;\"><span aria-hidden=\"true\" class=\"wp-block-cover__background has-nv-light-bg-background-color has-background-dim-100 has-background-dim\"><\/span><div class=\"wp-block-cover__inner-container is-layout-flow wp-block-cover-is-layout-flow\">\n<div class=\"wp-block-media-text has-media-on-the-right is-stacked-on-mobile is-vertically-aligned-center\"><div class=\"wp-block-media-text__content\">\n<p class=\"has-nv-dark-bg-color has-text-color has-link-color wp-elements-5b526c18b00c620214f0d86fd3e6bf69\"><strong>IBIS BAKU OTEL<\/strong><\/p>\n\n\n\n<p class=\"has-nv-dark-bg-color has-text-color has-link-color wp-elements-abe5eb8077af76c7944a46d8cdfa84aa\">Azerbaycan Bak\u00fc\u2019de yap\u0131lan 202 odal\u0131 IBIS Otel\u2019in Elektrik Projeleri \u00e7izilmi\u015ftir.<\/p>\n<\/div><figure class=\"wp-block-media-text__media\"><img loading=\"lazy\" decoding=\"async\" width=\"607\" height=\"458\" src=\"https:\/\/benga.pro\/wp-content\/uploads\/2026\/03\/ref6.jpg\" alt=\"\" class=\"wp-image-222 size-full\" srcset=\"https:\/\/benga.pro\/wp-content\/uploads\/2026\/03\/ref6.jpg 607w, https:\/\/benga.pro\/wp-content\/uploads\/2026\/03\/ref6-300x226.jpg 300w\" sizes=\"auto, (max-width: 607px) 100vw, 607px\" \/><\/figure><\/div>\n<\/div><\/div>\n\n\n\n<div class=\"wp-block-cover alignfull\" style=\"min-height:600px;aspect-ratio:unset;\"><span aria-hidden=\"true\" class=\"wp-block-cover__background has-nv-light-bg-background-color has-background-dim-100 has-background-dim\"><\/span><div class=\"wp-block-cover__inner-container is-layout-flow wp-block-cover-is-layout-flow\">\n<div class=\"wp-block-media-text is-stacked-on-mobile is-vertically-aligned-center\"><figure class=\"wp-block-media-text__media\"><img loading=\"lazy\" decoding=\"async\" width=\"630\" height=\"427\" src=\"https:\/\/benga.pro\/wp-content\/uploads\/2026\/03\/ref5.jpg\" alt=\"\" class=\"wp-image-219 size-full\" srcset=\"https:\/\/benga.pro\/wp-content\/uploads\/2026\/03\/ref5.jpg 630w, https:\/\/benga.pro\/wp-content\/uploads\/2026\/03\/ref5-300x203.jpg 300w\" sizes=\"auto, (max-width: 630px) 100vw, 630px\" \/><\/figure><div class=\"wp-block-media-text__content\">\n<p class=\"has-nv-dark-bg-color has-text-color has-link-color wp-elements-514a27ddb1a5f71507096a517cb6e809\"><strong>Samsun Nu Teras Evleri<\/strong><\/p>\n\n\n\n<p class=\"has-nv-dark-bg-color has-text-color has-link-color wp-elements-4276a8582f2abfef686b7214e2d1a75b\">Samsun Atakum B\u00f6lgesinde yer alan ultra l\u00fcks ak\u0131ll\u0131 evlerden olu\u015fan Nu Teras Evleri\u2019nin mekanik ve elektrik projeleri \u00e7izilmi\u015ftir.<\/p>\n<\/div><\/div>\n<\/div><\/div>\n\n\n\n<div class=\"wp-block-cover alignfull\" style=\"min-height:600px;aspect-ratio:unset;\"><span aria-hidden=\"true\" class=\"wp-block-cover__background has-nv-light-bg-background-color has-background-dim-100 has-background-dim\"><\/span><div class=\"wp-block-cover__inner-container is-layout-flow wp-block-cover-is-layout-flow\">\n<div class=\"wp-block-media-text has-media-on-the-right is-stacked-on-mobile is-vertically-aligned-center\"><div class=\"wp-block-media-text__content\">\n<p class=\"has-nv-dark-bg-color has-text-color has-link-color wp-elements-a37a81f6269a89fb8e67991e7fc9716e\"><strong>Toyzz Shop Ma\u011fazalar\u0131<\/strong><\/p>\n\n\n\n<p class=\"has-nv-dark-bg-color has-text-color has-link-color wp-elements-89ce5accd9db76a3f142610fad2159db\">T\u00fcrkiye genelinde bulunan muhtelif al\u0131\u015fveri\u015f merkezleri i\u00e7inde bulunan Toyzz Shop ma\u011fazalar\u0131n\u0131n elektrik ve mekanik projeleri \u00e7izilmi\u015ftir.<\/p>\n<\/div><figure class=\"wp-block-media-text__media\"><img loading=\"lazy\" decoding=\"async\" width=\"701\" height=\"417\" src=\"https:\/\/benga.pro\/wp-content\/uploads\/2026\/03\/ref4.jpg\" alt=\"\" class=\"wp-image-214 size-full\" srcset=\"https:\/\/benga.pro\/wp-content\/uploads\/2026\/03\/ref4.jpg 701w, https:\/\/benga.pro\/wp-content\/uploads\/2026\/03\/ref4-300x178.jpg 300w\" sizes=\"auto, (max-width: 701px) 100vw, 701px\" \/><\/figure><\/div>\n<\/div><\/div>\n\n\n\n<div class=\"wp-block-cover alignfull\" style=\"min-height:600px;aspect-ratio:unset;\"><span aria-hidden=\"true\" class=\"wp-block-cover__background has-nv-light-bg-background-color has-background-dim-100 has-background-dim\"><\/span><div class=\"wp-block-cover__inner-container is-layout-flow wp-block-cover-is-layout-flow\">\n<div class=\"wp-block-media-text is-stacked-on-mobile is-vertically-aligned-center\"><figure class=\"wp-block-media-text__media\"><img loading=\"lazy\" decoding=\"async\" width=\"600\" height=\"400\" src=\"http:\/\/benga.pro\/wp-content\/uploads\/2026\/03\/Celikel-600x400-2.jpg\" alt=\"\" class=\"wp-image-133 size-full\" srcset=\"https:\/\/benga.pro\/wp-content\/uploads\/2026\/03\/Celikel-600x400-2.jpg 600w, https:\/\/benga.pro\/wp-content\/uploads\/2026\/03\/Celikel-600x400-2-300x200.jpg 300w\" sizes=\"auto, (max-width: 600px) 100vw, 600px\" \/><\/figure><div class=\"wp-block-media-text__content\">\n<p class=\"has-nv-dark-bg-color has-text-color has-link-color wp-elements-9d3dc9ab3db7bbfd4925d57b6b49cf68\"><strong>\u00c7elikel Al\u00fcminyum D\u00f6k\u00fcm Fabrikas\u0131<\/strong><\/p>\n\n\n\n<p class=\"has-nv-dark-bg-color has-text-color has-link-color wp-elements-7585f841f28e3d001ab261e429d0414d\">\u0130stanbul Taysad i\u00e7inde bulunan yakla\u015f\u0131k 20.000m2 kapal\u0131 alana sahip \u00c7elikel Al\u00fcminyum D\u00f6k\u00fcm Fabrikas\u0131n\u0131n mekanik tesisat planlar\u0131 \u00e7izilmi\u015ftir.<\/p>\n<\/div><\/div>\n<\/div><\/div>\n\n\n\n<div class=\"wp-block-cover alignfull\" style=\"min-height:600px;aspect-ratio:unset;\"><span aria-hidden=\"true\" class=\"wp-block-cover__background has-nv-light-bg-background-color has-background-dim-100 has-background-dim\"><\/span><div class=\"wp-block-cover__inner-container is-layout-flow wp-block-cover-is-layout-flow\">\n<div class=\"wp-block-media-text has-media-on-the-right is-stacked-on-mobile is-vertically-aligned-center\"><div class=\"wp-block-media-text__content\">\n<p class=\"has-nv-dark-bg-color has-text-color has-link-color wp-elements-67471b6b4c510549cb54de0a9ca123b1\"><strong>Arion Fabrikas\u0131<\/strong><\/p>\n\n\n\n<p class=\"has-nv-dark-bg-color has-text-color has-link-color wp-elements-149b35b85775f8bad20c64ef07beb1a8\">\u0130stanbul Tuzla Organize Sanayi B\u00f6lgesi i\u00e7inde bulunan Arion \u0130la\u00e7 Tesisi\u2019nin mekanik ve elektrik planlar\u0131 \u00e7izilmi\u015ftir.<\/p>\n<\/div><figure class=\"wp-block-media-text__media\"><img loading=\"lazy\" decoding=\"async\" width=\"629\" height=\"419\" src=\"http:\/\/benga.pro\/wp-content\/uploads\/2026\/03\/Arion-Ilac-4.jpg\" alt=\"\" class=\"wp-image-132 size-full\" srcset=\"https:\/\/benga.pro\/wp-content\/uploads\/2026\/03\/Arion-Ilac-4.jpg 629w, https:\/\/benga.pro\/wp-content\/uploads\/2026\/03\/Arion-Ilac-4-300x200.jpg 300w\" sizes=\"auto, (max-width: 629px) 100vw, 629px\" \/><\/figure><\/div>\n<\/div><\/div>\n\n\n\n<div class=\"wp-block-cover alignfull\" style=\"min-height:600px;aspect-ratio:unset;\"><span aria-hidden=\"true\" class=\"wp-block-cover__background has-nv-light-bg-background-color has-background-dim-100 has-background-dim\"><\/span><div class=\"wp-block-cover__inner-container is-layout-flow wp-block-cover-is-layout-flow\">\n<div class=\"wp-block-media-text is-stacked-on-mobile is-vertically-aligned-center\"><figure class=\"wp-block-media-text__media\"><img loading=\"lazy\" decoding=\"async\" width=\"600\" height=\"400\" src=\"http:\/\/benga.pro\/wp-content\/uploads\/2026\/03\/Stahl-Kimya-600x400-2.jpg\" alt=\"\" class=\"wp-image-134 size-full\" srcset=\"https:\/\/benga.pro\/wp-content\/uploads\/2026\/03\/Stahl-Kimya-600x400-2.jpg 600w, https:\/\/benga.pro\/wp-content\/uploads\/2026\/03\/Stahl-Kimya-600x400-2-300x200.jpg 300w\" sizes=\"auto, (max-width: 600px) 100vw, 600px\" \/><\/figure><div class=\"wp-block-media-text__content\">\n<p class=\"has-nv-dark-bg-color has-text-color has-link-color wp-elements-5950fe3d75571ed2d0f9f4035619fd45\"><strong>Stahl Kimya Fabrikas\u0131<\/strong><\/p>\n\n\n\n<p class=\"has-nv-dark-bg-color has-text-color has-link-color wp-elements-5a15bd20eebe44471e36ca02eb177acd\">Tuzla Deri Organize Sanayi B\u00f6lgesi\u2019nin i\u00e7inde bulunan Stahl Kimya Depo, Laboratuvar ve \u0130dari Binas\u0131n\u0131n mekanik tesisat planlar\u0131 \u00e7izilmi\u015ftir.<\/p>\n<\/div><\/div>\n<\/div><\/div>\n","protected":false},"excerpt":{"rendered":"","protected":false},"author":1,"featured_media":0,"parent":0,"menu_order":0,"comment_status":"closed","ping_status":"closed","template":"","meta":{"neve_meta_sidebar":"","neve_meta_container":"","neve_meta_enable_content_width":"on","neve_meta_content_width":100,"neve_meta_title_alignment":"","neve_meta_author_avatar":"","neve_post_elements_order":"","neve_meta_disable_header":"","neve_meta_disable_footer":"","neve_meta_disable_title":"on","_themeisle_gutenberg_block_has_review":false,"footnotes":""},"class_list":["post-29","page","type-page","status-publish","hentry"],"_links":{"self":[{"href":"https:\/\/benga.pro\/index.php\/wp-json\/wp\/v2\/pages\/29","targetHints":{"allow":["GET"]}}],"collection":[{"href":"https:\/\/benga.pro\/index.php\/wp-json\/wp\/v2\/pages"}],"about":[{"href":"https:\/\/benga.pro\/index.php\/wp-json\/wp\/v2\/types\/page"}],"author":[{"embeddable":true,"href":"https:\/\/benga.pro\/index.php\/wp-json\/wp\/v2\/users\/1"}],"replies":[{"embeddable":true,"href":"https:\/\/benga.pro\/index.php\/wp-json\/wp\/v2\/comments?post=29"}],"version-history":[{"count":18,"href":"https:\/\/benga.pro\/index.php\/wp-json\/wp\/v2\/pages\/29\/revisions"}],"predecessor-version":[{"id":240,"href":"https:\/\/benga.pro\/index.php\/wp-json\/wp\/v2\/pages\/29\/revisions\/240"}],"wp:attachment":[{"href":"https:\/\/benga.pro\/index.php\/wp-json\/wp\/v2\/media?parent=29"}],"curies":[{"name":"wp","href":"https:\/\/api.w.org\/{rel}","templated":true}]}}